{"id":1569,"date":"2026-05-05T19:53:57","date_gmt":"2026-05-05T19:53:57","guid":{"rendered":"https:\/\/softsoilgroup.com.br\/?page_id=1569"},"modified":"2026-05-05T19:58:49","modified_gmt":"2026-05-05T19:58:49","slug":"47a-edicao","status":"publish","type":"page","link":"https:\/\/softsoilgroup.com.br\/index.php\/47a-edicao\/","title":{"rendered":"47\u00aa Edi\u00e7\u00e3o &#8211; Os perigos da incompatibilidade deformacional na amplia\u00e7\u00e3o rodovi\u00e1ria. A geotecnia da transi\u00e7\u00e3o do aterro antigo com o novo n\u00e3o est\u00e1 sendo respeitada."},"content":{"rendered":"\t\t<div data-elementor-type=\"wp-page\" data-elementor-id=\"1569\" class=\"elementor elementor-1569\" data-elementor-post-type=\"page\">\n\t\t\t\t<div class=\"elementor-element elementor-element-71653315 e-flex e-con-boxed e-con e-parent\" data-id=\"71653315\" data-element_type=\"container\">\n\t\t\t\t\t<div class=\"e-con-inner\">\n\t\t<div class=\"elementor-element elementor-element-5555d9a1 e-con-full e-flex e-con e-child\" data-id=\"5555d9a1\" data-element_type=\"container\">\n\t\t\t\t<div class=\"elementor-element elementor-element-3faf783e elementor-widget elementor-widget-heading\" data-id=\"3faf783e\" data-element_type=\"widget\" data-widget_type=\"heading.default\">\n\t\t\t\t<div class=\"elementor-widget-container\">\n\t\t\t\t\t<h2 class=\"elementor-heading-title elementor-size-default\">EDI\u00c7\u00c3O  47<\/h2>\t\t\t\t<\/div>\n\t\t\t\t<\/div>\n\t\t\t\t<div class=\"elementor-element elementor-element-53f122c6 elementor-widget elementor-widget-heading\" data-id=\"53f122c6\" data-element_type=\"widget\" data-widget_type=\"heading.default\">\n\t\t\t\t<div class=\"elementor-widget-container\">\n\t\t\t\t\t<h2 class=\"elementor-heading-title elementor-size-default\">Os perigos da incompatibilidade deformacional na amplia\u00e7\u00e3o rodovi\u00e1ria.<\/h2>\t\t\t\t<\/div>\n\t\t\t\t<\/div>\n\t\t\t\t<div class=\"elementor-element elementor-element-71de7467 elementor-widget elementor-widget-heading\" data-id=\"71de7467\" data-element_type=\"widget\" data-widget_type=\"heading.default\">\n\t\t\t\t<div class=\"elementor-widget-container\">\n\t\t\t\t\t<h2 class=\"elementor-heading-title elementor-size-default\"> A geotecnia da transi\u00e7\u00e3o do aterro antigo com o novo n\u00e3o est\u00e1 sendo respeitada.<\/h2>\t\t\t\t<\/div>\n\t\t\t\t<\/div>\n\t\t\t\t<\/div>\n\t\t\t\t<div class=\"elementor-element elementor-element-29e7a3b1 elementor-widget elementor-widget-image\" data-id=\"29e7a3b1\" data-element_type=\"widget\" data-widget_type=\"image.default\">\n\t\t\t\t<div class=\"elementor-widget-container\">\n\t\t\t\t\t\t\t\t\t\t\t\t\t\t\t<img decoding=\"async\" src=\"https:\/\/softsoilgroup.com.br\/wp-content\/uploads\/elementor\/thumbs\/capa-ed-47_rev_01-scaled-rn0xj75xkfx6k0b8w8104s5ncgygwuyjgbxwlibuf4.png\" title=\"capa ed 47_rev_01\" alt=\"capa ed 47_rev_01\" loading=\"lazy\" \/>\t\t\t\t\t\t\t\t\t\t\t\t\t\t\t<\/div>\n\t\t\t\t<\/div>\n\t\t<div class=\"elementor-element elementor-element-29bfce47 e-con-full e-flex e-con e-child\" data-id=\"29bfce47\" data-element_type=\"container\">\n\t\t\t\t<div class=\"elementor-element elementor-element-12b0f9eb elementor-align-justify elementor-widget elementor-widget-button\" data-id=\"12b0f9eb\" data-element_type=\"widget\" data-widget_type=\"button.default\">\n\t\t\t\t<div class=\"elementor-widget-container\">\n\t\t\t\t\t\t\t\t\t<div class=\"elementor-button-wrapper\">\n\t\t\t\t\t<a class=\"elementor-button elementor-button-link elementor-size-sm\" href=\"https:\/\/softsoilgroup.com.br\/wp-content\/uploads\/2026\/05\/Edicao_47.pdf\" target=\"_blank\">\n\t\t\t\t\t\t<span class=\"elementor-button-content-wrapper\">\n\t\t\t\t\t\t\t\t\t<span class=\"elementor-button-text\">Visualizar <\/span>\n\t\t\t\t\t<\/span>\n\t\t\t\t\t<\/a>\n\t\t\t\t<\/div>\n\t\t\t\t\t\t\t\t<\/div>\n\t\t\t\t<\/div>\n\t\t\t\t<div class=\"elementor-element elementor-element-12b203be elementor-align-justify elementor-widget elementor-widget-button\" data-id=\"12b203be\" data-element_type=\"widget\" data-widget_type=\"button.default\">\n\t\t\t\t<div class=\"elementor-widget-container\">\n\t\t\t\t\t\t\t\t\t<div class=\"elementor-button-wrapper\">\n\t\t\t\t\t<a class=\"elementor-button elementor-button-link elementor-size-sm\" href=\"https:\/\/softsoilgroup.com.br\/wp-content\/uploads\/2026\/05\/Edicao_47.pdf\" download=\"\">\n\t\t\t\t\t\t<span class=\"elementor-button-content-wrapper\">\n\t\t\t\t\t\t<span class=\"elementor-button-icon\">\n\t\t\t\t<svg aria-hidden=\"true\" class=\"e-font-icon-svg e-fas-arrow-circle-down\" viewBox=\"0 0 512 512\" xmlns=\"http:\/\/www.w3.org\/2000\/svg\"><path d=\"M504 256c0 137-111 248-248 248S8 393 8 256 119 8 256 8s248 111 248 248zm-143.6-28.9L288 302.6V120c0-13.3-10.7-24-24-24h-16c-13.3 0-24 10.7-24 24v182.6l-72.4-75.5c-9.3-9.7-24.8-9.9-34.3-.4l-10.9 11c-9.4 9.4-9.4 24.6 0 33.9L239 404.3c9.4 9.4 24.6 9.4 33.9 0l132.7-132.7c9.4-9.4 9.4-24.6 0-33.9l-10.9-11c-9.5-9.5-25-9.3-34.3.4z\"><\/path><\/svg>\t\t\t<\/span>\n\t\t\t\t\t\t\t\t\t<span class=\"elementor-button-text\">Donwload <\/span>\n\t\t\t\t\t<\/span>\n\t\t\t\t\t<\/a>\n\t\t\t\t<\/div>\n\t\t\t\t\t\t\t\t<\/div>\n\t\t\t\t<\/div>\n\t\t\t\t<\/div>\n\t\t\t\t\t<\/div>\n\t\t\t\t<\/div>\n\t\t\t\t<\/div>\n\t\t","protected":false},"excerpt":{"rendered":"<p>EDI\u00c7\u00c3O 47 Os perigos da incompatibilidade deformacional na amplia\u00e7\u00e3o rodovi\u00e1ria. A geotecnia da transi\u00e7\u00e3o do aterro antigo com o novo n\u00e3o est\u00e1 sendo respeitada. Visualizar Donwload<\/p>\n","protected":false},"author":1,"featured_media":0,"parent":0,"menu_order":0,"comment_status":"closed","ping_status":"closed","template":"","meta":{"footnotes":""},"class_list":["post-1569","page","type-page","status-publish","hentry"],"jetpack_sharing_enabled":true,"_links":{"self":[{"href":"https:\/\/softsoilgroup.com.br\/index.php\/wp-json\/wp\/v2\/pages\/1569","targetHints":{"allow":["GET"]}}],"collection":[{"href":"https:\/\/softsoilgroup.com.br\/index.php\/wp-json\/wp\/v2\/pages"}],"about":[{"href":"https:\/\/softsoilgroup.com.br\/index.php\/wp-json\/wp\/v2\/types\/page"}],"author":[{"embeddable":true,"href":"https:\/\/softsoilgroup.com.br\/index.php\/wp-json\/wp\/v2\/users\/1"}],"replies":[{"embeddable":true,"href":"https:\/\/softsoilgroup.com.br\/index.php\/wp-json\/wp\/v2\/comments?post=1569"}],"version-history":[{"count":4,"href":"https:\/\/softsoilgroup.com.br\/index.php\/wp-json\/wp\/v2\/pages\/1569\/revisions"}],"predecessor-version":[{"id":1576,"href":"https:\/\/softsoilgroup.com.br\/index.php\/wp-json\/wp\/v2\/pages\/1569\/revisions\/1576"}],"wp:attachment":[{"href":"https:\/\/softsoilgroup.com.br\/index.php\/wp-json\/wp\/v2\/media?parent=1569"}],"curies":[{"name":"wp","href":"https:\/\/api.w.org\/{rel}","templated":true}]}}