{"id":1288,"date":"2025-06-30T19:11:20","date_gmt":"2025-06-30T19:11:20","guid":{"rendered":"https:\/\/softsoilgroup.com.br\/?page_id=1288"},"modified":"2025-06-30T19:24:40","modified_gmt":"2025-06-30T19:24:40","slug":"42a-edicao","status":"publish","type":"page","link":"https:\/\/softsoilgroup.com.br\/index.php\/42a-edicao\/","title":{"rendered":"42\u00aa Edi\u00e7\u00e3o &#8211; Problemas em aterros de grande altura? Principalmente quando h\u00e1 solos moles? Conhe\u00e7a maneiras de resolver."},"content":{"rendered":"\t\t<div data-elementor-type=\"wp-page\" data-elementor-id=\"1288\" class=\"elementor elementor-1288\" data-elementor-post-type=\"page\">\n\t\t\t\t<div class=\"elementor-element elementor-element-251770a9 e-flex e-con-boxed e-con e-parent\" data-id=\"251770a9\" data-element_type=\"container\">\n\t\t\t\t\t<div class=\"e-con-inner\">\n\t\t<div class=\"elementor-element elementor-element-3f8f0a52 e-con-full e-flex e-con e-child\" data-id=\"3f8f0a52\" data-element_type=\"container\">\n\t\t\t\t<div class=\"elementor-element elementor-element-59acf154 elementor-widget elementor-widget-heading\" data-id=\"59acf154\" data-element_type=\"widget\" data-widget_type=\"heading.default\">\n\t\t\t\t<div class=\"elementor-widget-container\">\n\t\t\t\t\t<h2 class=\"elementor-heading-title elementor-size-default\">EDI\u00c7\u00c3O 42<\/h2>\t\t\t\t<\/div>\n\t\t\t\t<\/div>\n\t\t\t\t<div class=\"elementor-element elementor-element-77bb5bac elementor-widget elementor-widget-heading\" data-id=\"77bb5bac\" data-element_type=\"widget\" data-widget_type=\"heading.default\">\n\t\t\t\t<div class=\"elementor-widget-container\">\n\t\t\t\t\t<h2 class=\"elementor-heading-title elementor-size-default\">Problemas em aterros de grande altura? Principalmente quando h\u00e1 solos moles?\nConhe\u00e7a maneiras de resolver.<\/h2>\t\t\t\t<\/div>\n\t\t\t\t<\/div>\n\t\t\t\t<\/div>\n\t\t\t\t<div class=\"elementor-element elementor-element-12ff09eb elementor-widget elementor-widget-image\" data-id=\"12ff09eb\" data-element_type=\"widget\" data-widget_type=\"image.default\">\n\t\t\t\t<div class=\"elementor-widget-container\">\n\t\t\t\t\t\t\t\t\t\t\t\t\t\t\t<img decoding=\"async\" src=\"https:\/\/softsoilgroup.com.br\/wp-content\/uploads\/elementor\/thumbs\/capa-ed-42-scaled-r82zs0or7olyycjekdgl4zp40b8y7ekwv646at20n4.png\" title=\"capa ed 42\" alt=\"capa ed 42\" loading=\"lazy\" \/>\t\t\t\t\t\t\t\t\t\t\t\t\t\t\t<\/div>\n\t\t\t\t<\/div>\n\t\t<div class=\"elementor-element elementor-element-3fe1312 e-con-full e-flex e-con e-child\" data-id=\"3fe1312\" data-element_type=\"container\">\n\t\t\t\t<div class=\"elementor-element elementor-element-6fd107e8 elementor-align-justify elementor-widget elementor-widget-button\" data-id=\"6fd107e8\" data-element_type=\"widget\" data-widget_type=\"button.default\">\n\t\t\t\t<div class=\"elementor-widget-container\">\n\t\t\t\t\t\t\t\t\t<div class=\"elementor-button-wrapper\">\n\t\t\t\t\t<a class=\"elementor-button elementor-button-link elementor-size-sm\" href=\"https:\/\/softsoilgroup.com.br\/wp-content\/uploads\/2025\/06\/ed-42sp.pdf\" target=\"_blank\">\n\t\t\t\t\t\t<span class=\"elementor-button-content-wrapper\">\n\t\t\t\t\t\t\t\t\t<span class=\"elementor-button-text\">Visualizar <\/span>\n\t\t\t\t\t<\/span>\n\t\t\t\t\t<\/a>\n\t\t\t\t<\/div>\n\t\t\t\t\t\t\t\t<\/div>\n\t\t\t\t<\/div>\n\t\t\t\t<div class=\"elementor-element elementor-element-4fb59993 elementor-align-justify elementor-widget elementor-widget-button\" data-id=\"4fb59993\" data-element_type=\"widget\" data-widget_type=\"button.default\">\n\t\t\t\t<div class=\"elementor-widget-container\">\n\t\t\t\t\t\t\t\t\t<div class=\"elementor-button-wrapper\">\n\t\t\t\t\t<a class=\"elementor-button elementor-button-link elementor-size-sm\" href=\"https:\/\/softsoilgroup.com.br\/wp-content\/uploads\/2025\/06\/ed-42sp.pdf\" download=\"\">\n\t\t\t\t\t\t<span class=\"elementor-button-content-wrapper\">\n\t\t\t\t\t\t<span class=\"elementor-button-icon\">\n\t\t\t\t<svg aria-hidden=\"true\" class=\"e-font-icon-svg e-fas-arrow-circle-down\" viewBox=\"0 0 512 512\" xmlns=\"http:\/\/www.w3.org\/2000\/svg\"><path d=\"M504 256c0 137-111 248-248 248S8 393 8 256 119 8 256 8s248 111 248 248zm-143.6-28.9L288 302.6V120c0-13.3-10.7-24-24-24h-16c-13.3 0-24 10.7-24 24v182.6l-72.4-75.5c-9.3-9.7-24.8-9.9-34.3-.4l-10.9 11c-9.4 9.4-9.4 24.6 0 33.9L239 404.3c9.4 9.4 24.6 9.4 33.9 0l132.7-132.7c9.4-9.4 9.4-24.6 0-33.9l-10.9-11c-9.5-9.5-25-9.3-34.3.4z\"><\/path><\/svg>\t\t\t<\/span>\n\t\t\t\t\t\t\t\t\t<span class=\"elementor-button-text\">Donwload <\/span>\n\t\t\t\t\t<\/span>\n\t\t\t\t\t<\/a>\n\t\t\t\t<\/div>\n\t\t\t\t\t\t\t\t<\/div>\n\t\t\t\t<\/div>\n\t\t\t\t<\/div>\n\t\t\t\t\t<\/div>\n\t\t\t\t<\/div>\n\t\t\t\t<\/div>\n\t\t","protected":false},"excerpt":{"rendered":"<p>EDI\u00c7\u00c3O 42 Problemas em aterros de grande altura? Principalmente quando h\u00e1 solos moles? Conhe\u00e7a maneiras de resolver. Visualizar Donwload<\/p>\n","protected":false},"author":1,"featured_media":0,"parent":0,"menu_order":0,"comment_status":"closed","ping_status":"closed","template":"","meta":{"footnotes":""},"class_list":["post-1288","page","type-page","status-publish","hentry"],"jetpack_sharing_enabled":true,"_links":{"self":[{"href":"https:\/\/softsoilgroup.com.br\/index.php\/wp-json\/wp\/v2\/pages\/1288","targetHints":{"allow":["GET"]}}],"collection":[{"href":"https:\/\/softsoilgroup.com.br\/index.php\/wp-json\/wp\/v2\/pages"}],"about":[{"href":"https:\/\/softsoilgroup.com.br\/index.php\/wp-json\/wp\/v2\/types\/page"}],"author":[{"embeddable":true,"href":"https:\/\/softsoilgroup.com.br\/index.php\/wp-json\/wp\/v2\/users\/1"}],"replies":[{"embeddable":true,"href":"https:\/\/softsoilgroup.com.br\/index.php\/wp-json\/wp\/v2\/comments?post=1288"}],"version-history":[{"count":7,"href":"https:\/\/softsoilgroup.com.br\/index.php\/wp-json\/wp\/v2\/pages\/1288\/revisions"}],"predecessor-version":[{"id":1298,"href":"https:\/\/softsoilgroup.com.br\/index.php\/wp-json\/wp\/v2\/pages\/1288\/revisions\/1298"}],"wp:attachment":[{"href":"https:\/\/softsoilgroup.com.br\/index.php\/wp-json\/wp\/v2\/media?parent=1288"}],"curies":[{"name":"wp","href":"https:\/\/api.w.org\/{rel}","templated":true}]}}